{"id":6,"date":"2019-10-22T16:07:07","date_gmt":"2019-10-22T19:07:07","guid":{"rendered":"http:\/\/aunicaweb.com.br\/aprovacao\/patrus\/?page_id=6"},"modified":"2026-03-13T14:33:55","modified_gmt":"2026-03-13T17:33:55","slug":"home","status":"publish","type":"page","link":"https:\/\/patrusananias.com.br\/blog\/","title":{"rendered":"In\u00edcio"},"content":{"rendered":"\t\t<div data-elementor-type=\"wp-page\" data-elementor-id=\"6\" class=\"elementor elementor-6\" data-elementor-post-type=\"page\">\n\t\t\t\t\t\t<section class=\"elementor-section elementor-top-section elementor-element elementor-element-676e8d4 elementor-section-boxed elementor-section-height-default elementor-section-height-default\" data-id=\"676e8d4\" data-element_type=\"section\">\n\t\t\t\t\t\t<div class=\"elementor-container elementor-column-gap-default\">\n\t\t\t\t\t<div class=\"elementor-column elementor-col-66 elementor-top-column elementor-element elementor-element-af01662\" data-id=\"af01662\" data-element_type=\"column\">\n\t\t\t<div class=\"elementor-widget-wrap elementor-element-populated\">\n\t\t\t\t\t\t<div class=\"elementor-element elementor-element-e0e5eaa elementor-grid-1 elementor-posts--align-left elementor-grid-tablet-2 elementor-grid-mobile-1 elementor-posts--thumbnail-top elementor-widget elementor-widget-posts\" data-id=\"e0e5eaa\" data-element_type=\"widget\" data-settings=\"{&quot;classic_columns&quot;:&quot;1&quot;,&quot;classic_row_gap&quot;:{&quot;unit&quot;:&quot;px&quot;,&quot;size&quot;:36,&quot;sizes&quot;:[]},&quot;classic_columns_tablet&quot;:&quot;2&quot;,&quot;classic_columns_mobile&quot;:&quot;1&quot;,&quot;classic_row_gap_tablet&quot;:{&quot;unit&quot;:&quot;px&quot;,&quot;size&quot;:&quot;&quot;,&quot;sizes&quot;:[]},&quot;classic_row_gap_mobile&quot;:{&quot;unit&quot;:&quot;px&quot;,&quot;size&quot;:&quot;&quot;,&quot;sizes&quot;:[]}}\" data-widget_type=\"posts.classic\">\n\t\t\t\t<div class=\"elementor-widget-container\">\n\t\t\t\t\t\t\t<div class=\"elementor-posts-container elementor-posts elementor-posts--skin-classic elementor-grid\">\n\t\t\t\t<article class=\"elementor-post elementor-grid-item post-8513 post type-post status-publish format-standard hentry category-destaque category-frente-parlamentar-em-defesa-da-soberania-nacional category-soberania-2 entry\">\n\t\t\t\t<div class=\"elementor-post__text\">\n\t\t\t\t<h6 class=\"elementor-post__title\">\n\t\t\t<a href=\"https:\/\/patrusananias.com.br\/blog\/patrus-denuncia-risco-a-soberania-nacional-apos-acordo-eua-paraguai\/\" >\n\t\t\t\tPatrus denuncia risco \u00e0 soberania nacional ap\u00f3s acordo EUA-Paraguai\t\t\t<\/a>\n\t\t<\/h6>\n\t\t\t\t<div class=\"elementor-post__excerpt\">\n\t\t\t<p>Presidente da Frente Parlamentar em Defesa da Soberania Nacional, o deputado Patrus Ananias ocupou a tribuna da C\u00e2mara nesta quarta-feira para alertar parlamentares e a<\/p>\n\t\t<\/div>\n\t\t\t\t<\/div>\n\t\t\t\t<\/article>\n\t\t\t\t<\/div>\n\t\t\n\t\t\t\t\t\t<\/div>\n\t\t\t\t<\/div>\n\t\t\t\t\t<\/div>\n\t\t<\/div>\n\t\t\t\t<div class=\"elementor-column elementor-col-33 elementor-top-column elementor-element elementor-element-6ebab30\" data-id=\"6ebab30\" data-element_type=\"column\">\n\t\t\t<div class=\"elementor-widget-wrap elementor-element-populated\">\n\t\t\t\t\t\t<div class=\"elementor-element elementor-element-0e6da7b elementor--v-position-bottom elementor--h-position-center elementor-arrows-position-inside elementor-pagination-position-inside elementor-widget elementor-widget-slides\" data-id=\"0e6da7b\" data-element_type=\"widget\" data-settings=\"{&quot;sticky&quot;:&quot;bottom&quot;,&quot;_animation&quot;:&quot;none&quot;,&quot;navigation&quot;:&quot;both&quot;,&quot;autoplay&quot;:&quot;yes&quot;,&quot;pause_on_hover&quot;:&quot;yes&quot;,&quot;pause_on_interaction&quot;:&quot;yes&quot;,&quot;autoplay_speed&quot;:5000,&quot;infinite&quot;:&quot;yes&quot;,&quot;transition&quot;:&quot;slide&quot;,&quot;transition_speed&quot;:500,&quot;sticky_on&quot;:[&quot;desktop&quot;,&quot;tablet&quot;,&quot;mobile&quot;],&quot;sticky_offset&quot;:0,&quot;sticky_effects_offset&quot;:0}\" data-widget_type=\"slides.default\">\n\t\t\t\t<div class=\"elementor-widget-container\">\n\t\t\t\t\t\t\t<div class=\"elementor-swiper\">\n\t\t\t<div class=\"elementor-slides-wrapper elementor-main-swiper swiper\" dir=\"ltr\" data-animation=\"fadeInUp\">\n\t\t\t\t<div class=\"swiper-wrapper elementor-slides\">\n\t\t\t\t\t\t\t\t\t\t<div class=\"elementor-repeater-item-694fe14 swiper-slide\"><div class=\"swiper-slide-bg\" role=\"img\"><\/div><a class=\"swiper-slide-inner\" href=\"https:\/\/patrusananias.com.br\/blog\/trajetoria\/\"><div class=\"swiper-slide-contents\"><div class=\"elementor-slide-heading\">Patrus por ele mesmo<\/div><div  class=\"elementor-button elementor-slide-button elementor-size-xs\">Clique aqui<\/div><\/div><\/a><\/div>\t\t\t\t<\/div>\n\t\t\t\t\t\t\t<\/div>\n\t\t<\/div>\n\t\t\t\t\t\t<\/div>\n\t\t\t\t<\/div>\n\t\t\t\t\t<\/div>\n\t\t<\/div>\n\t\t\t\t\t<\/div>\n\t\t<\/section>\n\t\t\t\t<section class=\"elementor-section elementor-top-section elementor-element elementor-element-1dfbdbd elementor-section-boxed elementor-section-height-default elementor-section-height-default\" data-id=\"1dfbdbd\" data-element_type=\"section\">\n\t\t\t\t\t\t<div class=\"elementor-container elementor-column-gap-default\">\n\t\t\t\t\t<div class=\"elementor-column elementor-col-66 elementor-top-column elementor-element elementor-element-14809ba\" data-id=\"14809ba\" data-element_type=\"column\">\n\t\t\t<div class=\"elementor-widget-wrap elementor-element-populated\">\n\t\t\t\t\t\t<div class=\"elementor-element elementor-element-752c671 elementor-widget__width-initial elementor-grid-3 elementor-grid-tablet-2 elementor-grid-mobile-1 elementor-posts--thumbnail-top elementor-widget elementor-widget-posts\" data-id=\"752c671\" data-element_type=\"widget\" data-settings=\"{&quot;pagination_type&quot;:&quot;numbers&quot;,&quot;classic_columns&quot;:&quot;3&quot;,&quot;classic_columns_tablet&quot;:&quot;2&quot;,&quot;classic_columns_mobile&quot;:&quot;1&quot;,&quot;classic_row_gap&quot;:{&quot;unit&quot;:&quot;px&quot;,&quot;size&quot;:35,&quot;sizes&quot;:[]},&quot;classic_row_gap_tablet&quot;:{&quot;unit&quot;:&quot;px&quot;,&quot;size&quot;:&quot;&quot;,&quot;sizes&quot;:[]},&quot;classic_row_gap_mobile&quot;:{&quot;unit&quot;:&quot;px&quot;,&quot;size&quot;:&quot;&quot;,&quot;sizes&quot;:[]}}\" data-widget_type=\"posts.classic\">\n\t\t\t\t<div class=\"elementor-widget-container\">\n\t\t\t\t\t\t\t<div class=\"elementor-posts-container elementor-posts elementor-posts--skin-classic elementor-grid\">\n\t\t\t\t<article class=\"elementor-post elementor-grid-item post-8534 post type-post status-publish format-standard hentry category-sem-categoria entry\">\n\t\t\t\t<div class=\"elementor-post__text\">\n\t\t\t\t<h3 class=\"elementor-post__title\">\n\t\t\t<a href=\"https:\/\/patrusananias.com.br\/blog\/artigo-mais-do-mesmo\/\" >\n\t\t\t\tArtigo &#8220;Mais do mesmo&#8221;\t\t\t<\/a>\n\t\t<\/h3>\n\t\t\t\t<div class=\"elementor-post__meta-data\">\n\t\t\t\t\t<span class=\"elementor-post-date\">\n\t\t\t17 de mar\u00e7o de 2026\t\t<\/span>\n\t\t\t\t<\/div>\n\t\t\t\t<div class=\"elementor-post__excerpt\">\n\t\t\t<p>Leonardo Avritzer\u00a0 e R\u00f4mulo Paes de Sousa \u00a0 \u00a0 \u00a0 Os intensos vazamentos referentes aos esc\u00e2ndalos do Banco Master e do INSS t\u00eam produzido not\u00edcias<\/p>\n\t\t<\/div>\n\t\t\t\t<\/div>\n\t\t\t\t<\/article>\n\t\t\t\t<article class=\"elementor-post elementor-grid-item post-8513 post type-post status-publish format-standard hentry category-destaque category-frente-parlamentar-em-defesa-da-soberania-nacional category-soberania-2 entry\">\n\t\t\t\t<div class=\"elementor-post__text\">\n\t\t\t\t<h3 class=\"elementor-post__title\">\n\t\t\t<a href=\"https:\/\/patrusananias.com.br\/blog\/patrus-denuncia-risco-a-soberania-nacional-apos-acordo-eua-paraguai\/\" >\n\t\t\t\tPatrus denuncia risco \u00e0 soberania nacional ap\u00f3s acordo EUA-Paraguai\t\t\t<\/a>\n\t\t<\/h3>\n\t\t\t\t<div class=\"elementor-post__meta-data\">\n\t\t\t\t\t<span class=\"elementor-post-date\">\n\t\t\t13 de mar\u00e7o de 2026\t\t<\/span>\n\t\t\t\t<\/div>\n\t\t\t\t<div class=\"elementor-post__excerpt\">\n\t\t\t<p>Presidente da Frente Parlamentar em Defesa da Soberania Nacional, o deputado Patrus Ananias ocupou a tribuna da C\u00e2mara nesta quarta-feira para alertar parlamentares e a<\/p>\n\t\t<\/div>\n\t\t\t\t<\/div>\n\t\t\t\t<\/article>\n\t\t\t\t<article class=\"elementor-post elementor-grid-item post-8507 post type-post status-publish format-standard has-post-thumbnail hentry category-destaque category-seguranca-publica entry\">\n\t\t\t\t<a class=\"elementor-post__thumbnail__link\" href=\"https:\/\/patrusananias.com.br\/blog\/camara-aprova-pec-da-seguranca-publica\/\" >\n\t\t\t<div class=\"elementor-post__thumbnail\"><img fetchpriority=\"high\" decoding=\"async\" width=\"225\" height=\"300\" src=\"https:\/\/patrusananias.com.br\/blog\/wp-content\/uploads\/2026\/03\/646529427_1479978933492513_1959199787338161986_n-225x300.jpg\" class=\"attachment-medium size-medium wp-image-8508\" alt=\"\" srcset=\"https:\/\/patrusananias.com.br\/blog\/wp-content\/uploads\/2026\/03\/646529427_1479978933492513_1959199787338161986_n-225x300.jpg 225w, https:\/\/patrusananias.com.br\/blog\/wp-content\/uploads\/2026\/03\/646529427_1479978933492513_1959199787338161986_n-768x1024.jpg 768w, https:\/\/patrusananias.com.br\/blog\/wp-content\/uploads\/2026\/03\/646529427_1479978933492513_1959199787338161986_n.jpg 1080w\" sizes=\"(max-width: 225px) 100vw, 225px\" \/><\/div>\n\t\t<\/a>\n\t\t\t\t<div class=\"elementor-post__text\">\n\t\t\t\t<h3 class=\"elementor-post__title\">\n\t\t\t<a href=\"https:\/\/patrusananias.com.br\/blog\/camara-aprova-pec-da-seguranca-publica\/\" >\n\t\t\t\tC\u00e2mara aprova PEC da Seguran\u00e7a P\u00fablica\t\t\t<\/a>\n\t\t<\/h3>\n\t\t\t\t<div class=\"elementor-post__meta-data\">\n\t\t\t\t\t<span class=\"elementor-post-date\">\n\t\t\t13 de mar\u00e7o de 2026\t\t<\/span>\n\t\t\t\t<\/div>\n\t\t\t\t<div class=\"elementor-post__excerpt\">\n\t\t\t<p>A C\u00e2mara dos Deputados aprovou a PEC da Seguran\u00e7a P\u00fablica por 487 votos favor\u00e1veis e 15 contr\u00e1rios. A aprova\u00e7\u00e3o representa uma grande vit\u00f3ria do governo<\/p>\n\t\t<\/div>\n\t\t\t\t<\/div>\n\t\t\t\t<\/article>\n\t\t\t\t<article class=\"elementor-post elementor-grid-item post-8492 post type-post status-publish format-standard has-post-thumbnail hentry category-destaque category-direito-trabalhsita entry\">\n\t\t\t\t<a class=\"elementor-post__thumbnail__link\" href=\"https:\/\/patrusananias.com.br\/blog\/patrus-defende-na-tribuna-fim-da-escala-6-x-1\/\" >\n\t\t\t<div class=\"elementor-post__thumbnail\"><img decoding=\"async\" width=\"300\" height=\"185\" src=\"https:\/\/patrusananias.com.br\/blog\/wp-content\/uploads\/2026\/02\/img20260224195705855-300x185.jpg\" class=\"attachment-medium size-medium wp-image-8442\" alt=\"\" srcset=\"https:\/\/patrusananias.com.br\/blog\/wp-content\/uploads\/2026\/02\/img20260224195705855-300x185.jpg 300w, https:\/\/patrusananias.com.br\/blog\/wp-content\/uploads\/2026\/02\/img20260224195705855-1024x631.jpg 1024w, https:\/\/patrusananias.com.br\/blog\/wp-content\/uploads\/2026\/02\/img20260224195705855-768x474.jpg 768w, https:\/\/patrusananias.com.br\/blog\/wp-content\/uploads\/2026\/02\/img20260224195705855-1536x947.jpg 1536w, https:\/\/patrusananias.com.br\/blog\/wp-content\/uploads\/2026\/02\/img20260224195705855-2048x1263.jpg 2048w, https:\/\/patrusananias.com.br\/blog\/wp-content\/uploads\/2026\/02\/img20260224195705855-1568x967.jpg 1568w\" sizes=\"(max-width: 300px) 100vw, 300px\" \/><\/div>\n\t\t<\/a>\n\t\t\t\t<div class=\"elementor-post__text\">\n\t\t\t\t<h3 class=\"elementor-post__title\">\n\t\t\t<a href=\"https:\/\/patrusananias.com.br\/blog\/patrus-defende-na-tribuna-fim-da-escala-6-x-1\/\" >\n\t\t\t\tPatrus defende na tribuna fim da escala 6 x 1\t\t\t<\/a>\n\t\t<\/h3>\n\t\t\t\t<div class=\"elementor-post__meta-data\">\n\t\t\t\t\t<span class=\"elementor-post-date\">\n\t\t\t25 de fevereiro de 2026\t\t<\/span>\n\t\t\t\t<\/div>\n\t\t\t\t<div class=\"elementor-post__excerpt\">\n\t\t\t<p>O deputado Patrus Ananias ocupou ontem a tribuna da C\u00e2mara para defender o fim da escala 6 x 1 no pa\u00eds, medida que tem enfrentado<\/p>\n\t\t<\/div>\n\t\t\t\t<\/div>\n\t\t\t\t<\/article>\n\t\t\t\t<article class=\"elementor-post elementor-grid-item post-8484 post type-post status-publish format-standard has-post-thumbnail hentry category-mineracao-2 entry\">\n\t\t\t\t<a class=\"elementor-post__thumbnail__link\" href=\"https:\/\/patrusananias.com.br\/blog\/projeto-do-patrus-cria-reserva-nacional-de-terras-raras-no-sul-de-minas-e-leste-de-sp\/\" >\n\t\t\t<div class=\"elementor-post__thumbnail\"><img decoding=\"async\" width=\"225\" height=\"300\" src=\"https:\/\/patrusananias.com.br\/blog\/wp-content\/uploads\/2026\/02\/630237335_1461635111993562_2308008831398270064_n-225x300.jpg\" class=\"attachment-medium size-medium wp-image-8431\" alt=\"\" srcset=\"https:\/\/patrusananias.com.br\/blog\/wp-content\/uploads\/2026\/02\/630237335_1461635111993562_2308008831398270064_n-225x300.jpg 225w, https:\/\/patrusananias.com.br\/blog\/wp-content\/uploads\/2026\/02\/630237335_1461635111993562_2308008831398270064_n-768x1024.jpg 768w, https:\/\/patrusananias.com.br\/blog\/wp-content\/uploads\/2026\/02\/630237335_1461635111993562_2308008831398270064_n.jpg 1080w\" sizes=\"(max-width: 225px) 100vw, 225px\" \/><\/div>\n\t\t<\/a>\n\t\t\t\t<div class=\"elementor-post__text\">\n\t\t\t\t<h3 class=\"elementor-post__title\">\n\t\t\t<a href=\"https:\/\/patrusananias.com.br\/blog\/projeto-do-patrus-cria-reserva-nacional-de-terras-raras-no-sul-de-minas-e-leste-de-sp\/\" >\n\t\t\t\tProjeto do Patrus cria Reserva Nacional de Terras Raras no Sul de Minas e leste de SP\t\t\t<\/a>\n\t\t<\/h3>\n\t\t\t\t<div class=\"elementor-post__meta-data\">\n\t\t\t\t\t<span class=\"elementor-post-date\">\n\t\t\t19 de fevereiro de 2026\t\t<\/span>\n\t\t\t\t<\/div>\n\t\t\t\t<div class=\"elementor-post__excerpt\">\n\t\t\t<p>Projeto de Lei 500\/2026 protocolado nesta quarta (11\/02), de autoria do deputado federal Patrus Ananias, cria a Reserva Nacional de Minerais de Terras Raras, no<\/p>\n\t\t<\/div>\n\t\t\t\t<\/div>\n\t\t\t\t<\/article>\n\t\t\t\t<article class=\"elementor-post elementor-grid-item post-8356 post type-post status-publish format-standard has-post-thumbnail hentry category-camara-dos-deputados-brasil category-pt entry\">\n\t\t\t\t<a class=\"elementor-post__thumbnail__link\" href=\"https:\/\/patrusananias.com.br\/blog\/patrus-segue-na-ccj-como-coordenador-do-pt\/\" >\n\t\t\t<div class=\"elementor-post__thumbnail\"><img loading=\"lazy\" decoding=\"async\" width=\"300\" height=\"185\" src=\"https:\/\/patrusananias.com.br\/blog\/wp-content\/uploads\/2026\/02\/img20250930180602453-1-768x473-1-300x185.jpg\" class=\"attachment-medium size-medium wp-image-8357\" alt=\"\" srcset=\"https:\/\/patrusananias.com.br\/blog\/wp-content\/uploads\/2026\/02\/img20250930180602453-1-768x473-1-300x185.jpg 300w, https:\/\/patrusananias.com.br\/blog\/wp-content\/uploads\/2026\/02\/img20250930180602453-1-768x473-1.jpg 768w\" sizes=\"(max-width: 300px) 100vw, 300px\" \/><\/div>\n\t\t<\/a>\n\t\t\t\t<div class=\"elementor-post__text\">\n\t\t\t\t<h3 class=\"elementor-post__title\">\n\t\t\t<a href=\"https:\/\/patrusananias.com.br\/blog\/patrus-segue-na-ccj-como-coordenador-do-pt\/\" >\n\t\t\t\tPatrus segue na CCJ como coordenador do PT\t\t\t<\/a>\n\t\t<\/h3>\n\t\t\t\t<div class=\"elementor-post__meta-data\">\n\t\t\t\t\t<span class=\"elementor-post-date\">\n\t\t\t11 de fevereiro de 2026\t\t<\/span>\n\t\t\t\t<\/div>\n\t\t\t\t<div class=\"elementor-post__excerpt\">\n\t\t\t<p>Patrus Ananias segue na coordena\u00e7\u00e3o do Partido dos Trabalhadores na Comiss\u00e3o de Constitui\u00e7\u00e3o, Justi\u00e7a e de Cidadania, onde ser\u00e1 debatida a ado\u00e7\u00e3o da escala de<\/p>\n\t\t<\/div>\n\t\t\t\t<\/div>\n\t\t\t\t<\/article>\n\t\t\t\t<\/div>\n\t\t\n\t\t\t\t<div class=\"e-load-more-anchor\" data-page=\"1\" data-max-page=\"180\" data-next-page=\"https:\/\/patrusananias.com.br\/blog\/wp-json\/wp\/v2\/pages\/6\/page\/2\/\"><\/div>\n\t\t\t\t<nav class=\"elementor-pagination\" aria-label=\"Pagina\u00e7\u00e3o\">\n\t\t\t<span aria-current=\"page\" class=\"page-numbers current\"><span class=\"elementor-screen-only\">P\u00e1gina<\/span>1<\/span>\n<a class=\"page-numbers\" href=\"https:\/\/patrusananias.com.br\/blog\/wp-json\/wp\/v2\/pages\/6\/page\/2\/\"><span class=\"elementor-screen-only\">P\u00e1gina<\/span>2<\/a>\n<a class=\"page-numbers\" href=\"https:\/\/patrusananias.com.br\/blog\/wp-json\/wp\/v2\/pages\/6\/page\/3\/\"><span class=\"elementor-screen-only\">P\u00e1gina<\/span>3<\/a>\n<a class=\"page-numbers\" href=\"https:\/\/patrusananias.com.br\/blog\/wp-json\/wp\/v2\/pages\/6\/page\/4\/\"><span class=\"elementor-screen-only\">P\u00e1gina<\/span>4<\/a>\n<a class=\"page-numbers\" href=\"https:\/\/patrusananias.com.br\/blog\/wp-json\/wp\/v2\/pages\/6\/page\/5\/\"><span class=\"elementor-screen-only\">P\u00e1gina<\/span>5<\/a>\t\t<\/nav>\n\t\t\t\t\t\t<\/div>\n\t\t\t\t<\/div>\n\t\t\t\t\t<\/div>\n\t\t<\/div>\n\t\t\t\t<div class=\"elementor-column elementor-col-33 elementor-top-column elementor-element elementor-element-165bda4\" data-id=\"165bda4\" data-element_type=\"column\">\n\t\t\t<div class=\"elementor-widget-wrap elementor-element-populated\">\n\t\t\t\t\t\t<div class=\"elementor-element elementor-element-b25d0f4 elementor-widget elementor-widget-heading\" data-id=\"b25d0f4\" data-element_type=\"widget\" data-widget_type=\"heading.default\">\n\t\t\t\t<div class=\"elementor-widget-container\">\n\t\t\t\t\t<h4 class=\"elementor-heading-title elementor-size-default\">Mais populares<\/h4>\t\t\t\t<\/div>\n\t\t\t\t<\/div>\n\t\t\t\t<div class=\"elementor-element elementor-element-4debcbe elementor-grid-1 elementor-posts--thumbnail-left elementor-grid-tablet-2 elementor-grid-mobile-1 elementor-widget elementor-widget-posts\" data-id=\"4debcbe\" data-element_type=\"widget\" data-settings=\"{&quot;classic_columns&quot;:&quot;1&quot;,&quot;classic_columns_tablet&quot;:&quot;2&quot;,&quot;classic_columns_mobile&quot;:&quot;1&quot;,&quot;classic_row_gap&quot;:{&quot;unit&quot;:&quot;px&quot;,&quot;size&quot;:35,&quot;sizes&quot;:[]},&quot;classic_row_gap_tablet&quot;:{&quot;unit&quot;:&quot;px&quot;,&quot;size&quot;:&quot;&quot;,&quot;sizes&quot;:[]},&quot;classic_row_gap_mobile&quot;:{&quot;unit&quot;:&quot;px&quot;,&quot;size&quot;:&quot;&quot;,&quot;sizes&quot;:[]}}\" 218visualiza=\"\" data-widget_type=\"posts.classic\">\n\t\t\t\t<div class=\"elementor-widget-container\">\n\t\t\t\t\t\t\t<div class=\"elementor-posts-container elementor-posts elementor-posts--skin-classic elementor-grid\">\n\t\t\t\t<article class=\"elementor-post elementor-grid-item post-8131 post type-post status-publish format-standard hentry category-artigos-e-entrevistas entry\">\n\t\t\t\t<div class=\"elementor-post__text\">\n\t\t\t\t<h3 class=\"elementor-post__title\">\n\t\t\t<a href=\"https:\/\/patrusananias.com.br\/blog\/discurso-de-recepcao-da-professora-maria-antonieta-antunes-cunha\/\" >\n\t\t\t\tDiscurso de recep\u00e7\u00e3o da professora Maria Antonieta Antunes Cunha\t\t\t<\/a>\n\t\t<\/h3>\n\t\t\t\t<div class=\"elementor-post__meta-data\">\n\t\t\t\t\t<span class=\"elementor-post-author\">\n\t\t\tadmin\t\t<\/span>\n\t\t\t\t<span class=\"elementor-post-date\">\n\t\t\t6 de agosto de 2022\t\t<\/span>\n\t\t\t\t<\/div>\n\t\t\t\t<\/div>\n\t\t\t\t<\/article>\n\t\t\t\t<article class=\"elementor-post elementor-grid-item post-8407 post type-post status-publish format-standard hentry category-artigos-e-entrevistas entry\">\n\t\t\t\t<div class=\"elementor-post__text\">\n\t\t\t\t<h3 class=\"elementor-post__title\">\n\t\t\t<a href=\"https:\/\/patrusananias.com.br\/blog\/soberania-mineral-um-projeto-para-o-brasil\/\" >\n\t\t\t\tSoberania Mineral: um projeto para o Brasil\t\t\t<\/a>\n\t\t<\/h3>\n\t\t\t\t<div class=\"elementor-post__meta-data\">\n\t\t\t\t\t<span class=\"elementor-post-author\">\n\t\t\tadmin\t\t<\/span>\n\t\t\t\t<span class=\"elementor-post-date\">\n\t\t\t26 de agosto de 2025\t\t<\/span>\n\t\t\t\t<\/div>\n\t\t\t\t<\/div>\n\t\t\t\t<\/article>\n\t\t\t\t<article class=\"elementor-post elementor-grid-item post-7793 post type-post status-publish format-standard has-post-thumbnail hentry category-destaque entry\">\n\t\t\t\t<a class=\"elementor-post__thumbnail__link\" href=\"https:\/\/patrusananias.com.br\/blog\/parabens-brasil\/\" >\n\t\t\t<div class=\"elementor-post__thumbnail\"><img loading=\"lazy\" decoding=\"async\" width=\"240\" height=\"300\" src=\"https:\/\/patrusananias.com.br\/blog\/wp-content\/uploads\/2022\/11\/313381333_664586945031720_5061998301162497761_n-240x300.jpg\" class=\"attachment-medium size-medium wp-image-7775\" alt=\"\" srcset=\"https:\/\/patrusananias.com.br\/blog\/wp-content\/uploads\/2022\/11\/313381333_664586945031720_5061998301162497761_n-240x300.jpg 240w, https:\/\/patrusananias.com.br\/blog\/wp-content\/uploads\/2022\/11\/313381333_664586945031720_5061998301162497761_n.jpg 768w\" sizes=\"(max-width: 240px) 100vw, 240px\" \/><\/div>\n\t\t<\/a>\n\t\t\t\t<div class=\"elementor-post__text\">\n\t\t\t\t<h3 class=\"elementor-post__title\">\n\t\t\t<a href=\"https:\/\/patrusananias.com.br\/blog\/parabens-brasil\/\" >\n\t\t\t\tParab\u00e9ns, Brasil!\t\t\t<\/a>\n\t\t<\/h3>\n\t\t\t\t<div class=\"elementor-post__meta-data\">\n\t\t\t\t\t<span class=\"elementor-post-author\">\n\t\t\tadmin\t\t<\/span>\n\t\t\t\t<span class=\"elementor-post-date\">\n\t\t\t3 de novembro de 2022\t\t<\/span>\n\t\t\t\t<\/div>\n\t\t\t\t<\/div>\n\t\t\t\t<\/article>\n\t\t\t\t<article class=\"elementor-post elementor-grid-item post-683 post type-post status-publish format-standard hentry category-belo-horizonte category-memorias category-politica entry\">\n\t\t\t\t<div class=\"elementor-post__text\">\n\t\t\t\t<h3 class=\"elementor-post__title\">\n\t\t\t<a href=\"https:\/\/patrusananias.com.br\/blog\/os-adeuses-de-sergio-miranda\/\" >\n\t\t\t\tOs adeuses de S\u00e9rgio Miranda\t\t\t<\/a>\n\t\t<\/h3>\n\t\t\t\t<div class=\"elementor-post__meta-data\">\n\t\t\t\t\t<span class=\"elementor-post-author\">\n\t\t\tadmin\t\t<\/span>\n\t\t\t\t<span class=\"elementor-post-date\">\n\t\t\t3 de dezembro de 2012\t\t<\/span>\n\t\t\t\t<\/div>\n\t\t\t\t<\/div>\n\t\t\t\t<\/article>\n\t\t\t\t<article class=\"elementor-post elementor-grid-item post-8039 post type-post status-publish format-standard has-post-thumbnail hentry category-mineracao-2 entry\">\n\t\t\t\t<a class=\"elementor-post__thumbnail__link\" href=\"https:\/\/patrusananias.com.br\/blog\/tragedia-de-mariana-completa-7-anos\/\" >\n\t\t\t<div class=\"elementor-post__thumbnail\"><img loading=\"lazy\" decoding=\"async\" width=\"240\" height=\"300\" src=\"https:\/\/patrusananias.com.br\/blog\/wp-content\/uploads\/2022\/11\/tragedia-240x300.jpg\" class=\"attachment-medium size-medium wp-image-8040\" alt=\"\" srcset=\"https:\/\/patrusananias.com.br\/blog\/wp-content\/uploads\/2022\/11\/tragedia-240x300.jpg 240w, https:\/\/patrusananias.com.br\/blog\/wp-content\/uploads\/2022\/11\/tragedia-819x1024.jpg 819w, https:\/\/patrusananias.com.br\/blog\/wp-content\/uploads\/2022\/11\/tragedia-768x960.jpg 768w, https:\/\/patrusananias.com.br\/blog\/wp-content\/uploads\/2022\/11\/tragedia.jpg 1024w\" sizes=\"(max-width: 240px) 100vw, 240px\" \/><\/div>\n\t\t<\/a>\n\t\t\t\t<div class=\"elementor-post__text\">\n\t\t\t\t<h3 class=\"elementor-post__title\">\n\t\t\t<a href=\"https:\/\/patrusananias.com.br\/blog\/tragedia-de-mariana-completa-7-anos\/\" >\n\t\t\t\tTrag\u00e9dia de Mariana completa 7 anos\t\t\t<\/a>\n\t\t<\/h3>\n\t\t\t\t<div class=\"elementor-post__meta-data\">\n\t\t\t\t\t<span class=\"elementor-post-author\">\n\t\t\tadmin\t\t<\/span>\n\t\t\t\t<span class=\"elementor-post-date\">\n\t\t\t7 de novembro de 2022\t\t<\/span>\n\t\t\t\t<\/div>\n\t\t\t\t<\/div>\n\t\t\t\t<\/article>\n\t\t\t\t<article class=\"elementor-post elementor-grid-item post-483 post type-post status-publish format-standard has-post-thumbnail hentry category-belo-horizonte category-eleicoes category-politica category-prefeitura-de-belo-horizonte category-pt entry\">\n\t\t\t\t<a class=\"elementor-post__thumbnail__link\" href=\"https:\/\/patrusananias.com.br\/blog\/sobre-o-pt-na-eleicao-de-bh\/\" >\n\t\t\t<div class=\"elementor-post__thumbnail\"><img loading=\"lazy\" decoding=\"async\" width=\"300\" height=\"150\" src=\"https:\/\/patrusananias.com.br\/blog\/wp-content\/uploads\/2012\/07\/post45-300x150.jpg\" class=\"attachment-medium size-medium wp-image-3922\" alt=\"\" srcset=\"https:\/\/patrusananias.com.br\/blog\/wp-content\/uploads\/2012\/07\/post45-300x150.jpg 300w, https:\/\/patrusananias.com.br\/blog\/wp-content\/uploads\/2012\/07\/post45-768x384.jpg 768w, https:\/\/patrusananias.com.br\/blog\/wp-content\/uploads\/2012\/07\/post45-350x175.jpg 350w, https:\/\/patrusananias.com.br\/blog\/wp-content\/uploads\/2012\/07\/post45.jpg 960w\" sizes=\"(max-width: 300px) 100vw, 300px\" \/><\/div>\n\t\t<\/a>\n\t\t\t\t<div class=\"elementor-post__text\">\n\t\t\t\t<h3 class=\"elementor-post__title\">\n\t\t\t<a href=\"https:\/\/patrusananias.com.br\/blog\/sobre-o-pt-na-eleicao-de-bh\/\" >\n\t\t\t\tSobre o PT na elei\u00e7\u00e3o de BH\t\t\t<\/a>\n\t\t<\/h3>\n\t\t\t\t<div class=\"elementor-post__meta-data\">\n\t\t\t\t\t<span class=\"elementor-post-author\">\n\t\t\tadmin\t\t<\/span>\n\t\t\t\t<span class=\"elementor-post-date\">\n\t\t\t2 de julho de 2012\t\t<\/span>\n\t\t\t\t<\/div>\n\t\t\t\t<\/div>\n\t\t\t\t<\/article>\n\t\t\t\t<\/div>\n\t\t\n\t\t\t\t\t\t<\/div>\n\t\t\t\t<\/div>\n\t\t\t\t\t<\/div>\n\t\t<\/div>\n\t\t\t\t\t<\/div>\n\t\t<\/section>\n\t\t\t\t<\/div>\n\t\t","protected":false},"excerpt":{"rendered":"","protected":false},"author":1,"featured_media":0,"parent":0,"menu_order":0,"comment_status":"closed","ping_status":"closed","template":"","meta":{"footnotes":""},"_links":{"self":[{"href":"https:\/\/patrusananias.com.br\/blog\/wp-json\/wp\/v2\/pages\/6"}],"collection":[{"href":"https:\/\/patrusananias.com.br\/blog\/wp-json\/wp\/v2\/pages"}],"about":[{"href":"https:\/\/patrusananias.com.br\/blog\/wp-json\/wp\/v2\/types\/page"}],"author":[{"embeddable":true,"href":"https:\/\/patrusananias.com.br\/blog\/wp-json\/wp\/v2\/users\/1"}],"replies":[{"embeddable":true,"href":"https:\/\/patrusananias.com.br\/blog\/wp-json\/wp\/v2\/comments?post=6"}],"version-history":[{"count":301,"href":"https:\/\/patrusananias.com.br\/blog\/wp-json\/wp\/v2\/pages\/6\/revisions"}],"predecessor-version":[{"id":8522,"href":"https:\/\/patrusananias.com.br\/blog\/wp-json\/wp\/v2\/pages\/6\/revisions\/8522"}],"wp:attachment":[{"href":"https:\/\/patrusananias.com.br\/blog\/wp-json\/wp\/v2\/media?parent=6"}],"curies":[{"name":"wp","href":"https:\/\/api.w.org\/{rel}","templated":true}]}}