{"id":4152,"date":"2020-02-13T13:57:00","date_gmt":"2020-02-13T16:57:00","guid":{"rendered":"http:\/\/aunicaweb.com.br\/aprovacao\/patrus\/?page_id=4152"},"modified":"2020-02-13T17:53:44","modified_gmt":"2020-02-13T20:53:44","slug":"frente-parlamentar-mista-em-defesa-da-soberania-nacional","status":"publish","type":"page","link":"https:\/\/patrusananias.com.br\/blog\/frente-parlamentar-mista-em-defesa-da-soberania-nacional\/","title":{"rendered":"Frente Parlamentar Mista em Defesa da Soberania Nacional"},"content":{"rendered":"\t\t<div data-elementor-type=\"wp-page\" data-elementor-id=\"4152\" class=\"elementor elementor-4152\" data-elementor-post-type=\"page\">\n\t\t\t\t\t\t<section class=\"elementor-section elementor-top-section elementor-element elementor-element-c7b0828 elementor-section-boxed elementor-section-height-default elementor-section-height-default\" data-id=\"c7b0828\" data-element_type=\"section\">\n\t\t\t\t\t\t<div class=\"elementor-container elementor-column-gap-default\">\n\t\t\t\t\t<div class=\"elementor-column elementor-col-100 elementor-top-column elementor-element elementor-element-d73f878\" data-id=\"d73f878\" data-element_type=\"column\">\n\t\t\t<div class=\"elementor-widget-wrap elementor-element-populated\">\n\t\t\t\t\t\t<div class=\"elementor-element elementor-element-5f3fad1 elementor-widget elementor-widget-image\" data-id=\"5f3fad1\" data-element_type=\"widget\" data-widget_type=\"image.default\">\n\t\t\t\t<div class=\"elementor-widget-container\">\n\t\t\t\t\t\t\t\t\t\t\t\t\t\t\t<img fetchpriority=\"high\" decoding=\"async\" width=\"1920\" height=\"600\" src=\"https:\/\/patrusananias.com.br\/blog\/wp-content\/uploads\/2020\/02\/BANNER_SITE.jpg\" class=\"attachment-full size-full wp-image-4208\" alt=\"\" srcset=\"https:\/\/patrusananias.com.br\/blog\/wp-content\/uploads\/2020\/02\/BANNER_SITE.jpg 1920w, https:\/\/patrusananias.com.br\/blog\/wp-content\/uploads\/2020\/02\/BANNER_SITE-300x94.jpg 300w, https:\/\/patrusananias.com.br\/blog\/wp-content\/uploads\/2020\/02\/BANNER_SITE-1024x320.jpg 1024w, https:\/\/patrusananias.com.br\/blog\/wp-content\/uploads\/2020\/02\/BANNER_SITE-768x240.jpg 768w, https:\/\/patrusananias.com.br\/blog\/wp-content\/uploads\/2020\/02\/BANNER_SITE-1536x480.jpg 1536w, https:\/\/patrusananias.com.br\/blog\/wp-content\/uploads\/2020\/02\/BANNER_SITE-1568x490.jpg 1568w\" sizes=\"(max-width: 34.9rem) calc(100vw - 2rem), (max-width: 53rem) calc(8 * (100vw \/ 12)), (min-width: 53rem) calc(6 * (100vw \/ 12)), 100vw\" \/>\t\t\t\t\t\t\t\t\t\t\t\t\t\t\t<\/div>\n\t\t\t\t<\/div>\n\t\t\t\t\t<\/div>\n\t\t<\/div>\n\t\t\t\t\t<\/div>\n\t\t<\/section>\n\t\t\t\t<section class=\"elementor-section elementor-top-section elementor-element elementor-element-04fe53d elementor-section-boxed elementor-section-height-default elementor-section-height-default\" data-id=\"04fe53d\" data-element_type=\"section\">\n\t\t\t\t\t\t<div class=\"elementor-container elementor-column-gap-default\">\n\t\t\t\t\t<div class=\"elementor-column elementor-col-100 elementor-top-column elementor-element elementor-element-5da8e71\" data-id=\"5da8e71\" data-element_type=\"column\">\n\t\t\t<div class=\"elementor-widget-wrap elementor-element-populated\">\n\t\t\t\t\t\t<section class=\"elementor-section elementor-inner-section elementor-element elementor-element-dd10f73 elementor-section-boxed elementor-section-height-default elementor-section-height-default\" data-id=\"dd10f73\" data-element_type=\"section\">\n\t\t\t\t\t\t<div class=\"elementor-container elementor-column-gap-default\">\n\t\t\t\t\t<div class=\"elementor-column elementor-col-50 elementor-inner-column elementor-element elementor-element-3a16d24\" data-id=\"3a16d24\" data-element_type=\"column\">\n\t\t\t<div class=\"elementor-widget-wrap elementor-element-populated\">\n\t\t\t\t\t\t<div class=\"elementor-element elementor-element-638a3b1 elementor-widget elementor-widget-text-editor\" data-id=\"638a3b1\" data-element_type=\"widget\" data-widget_type=\"text-editor.default\">\n\t\t\t\t<div class=\"elementor-widget-container\">\n\t\t\t\t\t\t\t\t\tPetista hist\u00f3rico, Patrus Ananias tem experi\u00eancia na luta pela democracia e pela soberania nacional e popular. Enfrentou o Golpe Militar em 1964 e se posicionou nos 20 anos que se seguiram contra a ditadura militar, at\u00e9 o Diretas J\u00e1!, movimento que teve protagonistas como Ulysses Guimar\u00e3es e o ent\u00e3o l\u00edder sindical e presidente do PT, Luiz In\u00e1cio Lula da Silva, e que se n\u00e3o foi vitorioso, pelo menos reconduziu os civis ao poder.\n<br><br>\nEm 2016, com o Golpe que retirou a presidenta Dilma da presid\u00eancia, mais uma vez se fez necess\u00e1rio enfrentar o obscurantismo pol\u00edtico, a censura, o desmonte dos direitos fundamentais, a dilapida\u00e7\u00e3o do patrim\u00f4nio p\u00fablico e o entreguismo para assegurar o Estado Democr\u00e1tico de Direito e preservar a soberania nacional e popular. No ano seguinte, em 2017, por iniciativa do deputado federal Patrus Ananias foi lan\u00e7ada a Frente Parlamentar Mista em Defesa da Soberania Nacional, com a participa\u00e7\u00e3o de 239 deputadas e deputados federais e 30 senadoras e senadores de diversos partidos.\n<br><br>\nE no primeiro ano de seu terceiro mandato como deputado federal (2019), Patrus Ananias, em decis\u00e3o que vai ao encontro da avalia\u00e7\u00e3o do Presidente Lula, preso pol\u00edtico desde 2018, relan\u00e7a a Frente com o apoio de 256 parlamentares, entre deputados e senadores de v\u00e1rios partidos.\t\t\t\t\t\t\t\t<\/div>\n\t\t\t\t<\/div>\n\t\t\t\t\t<\/div>\n\t\t<\/div>\n\t\t\t\t<div class=\"elementor-column elementor-col-50 elementor-inner-column elementor-element elementor-element-eba7e68\" data-id=\"eba7e68\" data-element_type=\"column\">\n\t\t\t<div class=\"elementor-widget-wrap elementor-element-populated\">\n\t\t\t\t\t\t<div class=\"elementor-element elementor-element-54e609a elementor-widget elementor-widget-text-editor\" data-id=\"54e609a\" data-element_type=\"widget\" data-widget_type=\"text-editor.default\">\n\t\t\t\t<div class=\"elementor-widget-container\">\n\t\t\t\t\t\t\t\t\tParticiparam do lan\u00e7amento da Frente a ex-presidenta Dilma Roussef, o ex-ministro Fernando Haddad, a presidenta do PT, Gleisi Hoffmann, lideran\u00e7as dos partidos de oposi\u00e7\u00e3o, o governador Wellington Dias (PT-PI), o ex-governador Ricardo Coutinho (PSB-PB), Jo\u00e3o Pedro St\u00e9dile (Frente Brasil Popular), Anita Wright (Conic), Guilherme Boulos (MTST), Dom Evaristo Pascoal (CNBB), Makota Celinha (Religi\u00e3o de Matriz Africana) e dezenas de representantes de movimentos sociais e organiza\u00e7\u00f5es da sociedade civil, que falaram e debateram com um p\u00fablico de mais 300 pessoas.\n<br><br>\nA Frente \u00e9 presidida pela senadora Zenaide Maia (PROS-RN), tem como presidente de honra o ex-senador Roberto Requi\u00e3o e como secret\u00e1rio-geral, Patrus Ananias. O compromisso da Frente \u00e9 levar a iniciativa para munic\u00edpios e estados e promover o debate sobre a soberania do pa\u00eds, hoje gravemente em risco pelo desgoverno Bolsonaro.\n\t\t\t\t\t\t\t\t<\/div>\n\t\t\t\t<\/div>\n\t\t\t\t\t<\/div>\n\t\t<\/div>\n\t\t\t\t\t<\/div>\n\t\t<\/section>\n\t\t\t\t\t<\/div>\n\t\t<\/div>\n\t\t\t\t\t<\/div>\n\t\t<\/section>\n\t\t\t\t<section class=\"elementor-section elementor-top-section elementor-element elementor-element-fcf13f1 elementor-section-boxed elementor-section-height-default elementor-section-height-default\" data-id=\"fcf13f1\" data-element_type=\"section\" data-settings=\"{&quot;background_background&quot;:&quot;classic&quot;}\">\n\t\t\t\t\t\t<div class=\"elementor-container elementor-column-gap-default\">\n\t\t\t\t\t<div class=\"elementor-column elementor-col-50 elementor-top-column elementor-element elementor-element-5b20a46\" data-id=\"5b20a46\" data-element_type=\"column\">\n\t\t\t<div class=\"elementor-widget-wrap elementor-element-populated\">\n\t\t\t\t\t\t<div class=\"elementor-element elementor-element-1206e54 elementor-widget elementor-widget-image\" data-id=\"1206e54\" data-element_type=\"widget\" data-widget_type=\"image.default\">\n\t\t\t\t<div class=\"elementor-widget-container\">\n\t\t\t\t\t\t\t\t\t\t\t\t\t\t\t<img decoding=\"async\" width=\"640\" height=\"480\" src=\"https:\/\/patrusananias.com.br\/blog\/wp-content\/uploads\/2020\/02\/frente-parlamentar-1.jpg\" class=\"attachment-large size-large wp-image-4212\" alt=\"\" srcset=\"https:\/\/patrusananias.com.br\/blog\/wp-content\/uploads\/2020\/02\/frente-parlamentar-1.jpg 800w, https:\/\/patrusananias.com.br\/blog\/wp-content\/uploads\/2020\/02\/frente-parlamentar-1-300x225.jpg 300w, https:\/\/patrusananias.com.br\/blog\/wp-content\/uploads\/2020\/02\/frente-parlamentar-1-768x576.jpg 768w\" sizes=\"(max-width: 34.9rem) calc(100vw - 2rem), (max-width: 53rem) calc(8 * (100vw \/ 12)), (min-width: 53rem) calc(6 * (100vw \/ 12)), 100vw\" \/>\t\t\t\t\t\t\t\t\t\t\t\t\t\t\t<\/div>\n\t\t\t\t<\/div>\n\t\t\t\t<div class=\"elementor-element elementor-element-009d33b elementor-widget elementor-widget-image\" data-id=\"009d33b\" data-element_type=\"widget\" data-widget_type=\"image.default\">\n\t\t\t\t<div class=\"elementor-widget-container\">\n\t\t\t\t\t\t\t\t\t\t\t\t\t\t\t<img decoding=\"async\" width=\"640\" height=\"480\" src=\"https:\/\/patrusananias.com.br\/blog\/wp-content\/uploads\/2020\/02\/lula-marques.jpg\" class=\"attachment-large size-large wp-image-4213\" alt=\"\" srcset=\"https:\/\/patrusananias.com.br\/blog\/wp-content\/uploads\/2020\/02\/lula-marques.jpg 800w, https:\/\/patrusananias.com.br\/blog\/wp-content\/uploads\/2020\/02\/lula-marques-300x225.jpg 300w, https:\/\/patrusananias.com.br\/blog\/wp-content\/uploads\/2020\/02\/lula-marques-768x576.jpg 768w\" sizes=\"(max-width: 34.9rem) calc(100vw - 2rem), (max-width: 53rem) calc(8 * (100vw \/ 12)), (min-width: 53rem) calc(6 * (100vw \/ 12)), 100vw\" \/>\t\t\t\t\t\t\t\t\t\t\t\t\t\t\t<\/div>\n\t\t\t\t<\/div>\n\t\t\t\t<div class=\"elementor-element elementor-element-6195b94 elementor-widget elementor-widget-image\" data-id=\"6195b94\" data-element_type=\"widget\" data-widget_type=\"image.default\">\n\t\t\t\t<div class=\"elementor-widget-container\">\n\t\t\t\t\t\t\t\t\t\t\t\t\t\t\t<img loading=\"lazy\" decoding=\"async\" width=\"640\" height=\"480\" src=\"https:\/\/patrusananias.com.br\/blog\/wp-content\/uploads\/2020\/02\/rio-grande-do-sul.jpg\" class=\"attachment-large size-large wp-image-4214\" alt=\"\" srcset=\"https:\/\/patrusananias.com.br\/blog\/wp-content\/uploads\/2020\/02\/rio-grande-do-sul.jpg 800w, https:\/\/patrusananias.com.br\/blog\/wp-content\/uploads\/2020\/02\/rio-grande-do-sul-300x225.jpg 300w, https:\/\/patrusananias.com.br\/blog\/wp-content\/uploads\/2020\/02\/rio-grande-do-sul-768x576.jpg 768w\" sizes=\"(max-width: 34.9rem) calc(100vw - 2rem), (max-width: 53rem) calc(8 * (100vw \/ 12)), (min-width: 53rem) calc(6 * (100vw \/ 12)), 100vw\" \/>\t\t\t\t\t\t\t\t\t\t\t\t\t\t\t<\/div>\n\t\t\t\t<\/div>\n\t\t\t\t\t<\/div>\n\t\t<\/div>\n\t\t\t\t<div class=\"elementor-column elementor-col-50 elementor-top-column elementor-element elementor-element-52a15b6\" data-id=\"52a15b6\" data-element_type=\"column\">\n\t\t\t<div class=\"elementor-widget-wrap elementor-element-populated\">\n\t\t\t\t\t\t<div class=\"elementor-element elementor-element-cd21bb3 elementor-widget elementor-widget-text-editor\" data-id=\"cd21bb3\" data-element_type=\"widget\" data-widget_type=\"text-editor.default\">\n\t\t\t\t<div class=\"elementor-widget-container\">\n\t\t\t\t\t\t\t\t\t<b>Lan\u00e7amentos da Frente Parlamentar Mista em Defesa da Soberania Nacional<\/b>\n\n<br><br>\n\n<b>Bras\u00edlia \u2013 04 de setembro de 2019<\/b>\n<br>\nPresidente: senadora Zenaide Maia (PROS-RN)<br>\nSecret\u00e1rio-geral: deputado federal Patrus Ananias (PT-MG)<br>\nPresidente de Honra: Roberto Requi\u00e3o (MDB)\n\n<br><br>\n\n<b>S\u00e3o Paulo \u2013 19 de setembro de 2019<\/b>\n<br>\nCoordenador: deputado federal Carlos Zarattini (PT-SP)\n\n<br><br>\n\n<b>Montes Claros \u2013 20 de setembro de 2019<\/b>\n<br>\nCoordenadora regional &#8211; Norte de Minas: deputada estadual Leninha (PT-MG)\n\n<br><br>\n\n<b>Rio Grande do Sul \u2013 07 de outubro de 2019<\/b>\n<br>\nCoordenador: deputado federal Henrique Fontana (PT-MG)\n\n<br><br>\n\n<b>Santa Catarina \u2013 14 de outubro de 2019<\/b>\n<br>\nCoordenador: deputado federal Pedro Uczai (PT-MG)\n\n<br><br>\n\n<b>Goi\u00e1s \u2013 31 de outubro de 2019<\/b>\n<br>\nCoordenador: deputado federal Rubens Otoni (PT-GO)\n\n<br><br>\n\n<b>Capit\u00f3lio \u2013 8 de novembro de 2019<\/b>\n\n<br><br>\n\n<b>Passos \u2013 9 de novembro de 2019<\/b>\n\n<br><br>\n\n<b>Paran\u00e1 \u2013 02 de dezembro\nCoordenador no Paran\u00e1:<\/b>\n<br>deputado federal Tadeu Veneri (PT-PR)\n\n<br><br>\n\n<b>Minas Gerais \u2013 12 de dezembro<\/b>\n<br>\nCoordenadora em Minas Gerais: deputada federal \u00c1urea Carolina (PSOL-MG)\n\n<br><br>\n\n<b>Rio de Janeiro \u2013 12 de dezembro<\/b>\n<br>\nCoordenador Rio de Janeiro: deputado federal Glauber Braga (PSOL-RJ)\t\t\t\t\t\t\t\t<\/div>\n\t\t\t\t<\/div>\n\t\t\t\t\t<\/div>\n\t\t<\/div>\n\t\t\t\t\t<\/div>\n\t\t<\/section>\n\t\t\t\t<\/div>\n\t\t","protected":false},"excerpt":{"rendered":"<p>Petista hist\u00f3rico, Patrus Ananias tem experi\u00eancia na luta pela democracia e pela soberania nacional e popular. Enfrentou o Golpe Militar em 1964 e se posicionou nos 20 anos que se seguiram contra a ditadura militar, at\u00e9 o Diretas J\u00e1!, movimento que teve protagonistas como Ulysses Guimar\u00e3es e o ent\u00e3o l\u00edder sindical e presidente do PT, &hellip; <\/p>\n<p class=\"link-more\"><a href=\"https:\/\/patrusananias.com.br\/blog\/frente-parlamentar-mista-em-defesa-da-soberania-nacional\/\" class=\"more-link\">Continue lendo<span class=\"screen-reader-text\"> &#8220;Frente Parlamentar Mista em Defesa da Soberania Nacional&#8221;<\/span><\/a><\/p>\n","protected":false},"author":1,"featured_media":0,"parent":0,"menu_order":0,"comment_status":"closed","ping_status":"closed","template":"elementor_header_footer","meta":{"footnotes":""},"_links":{"self":[{"href":"https:\/\/patrusananias.com.br\/blog\/wp-json\/wp\/v2\/pages\/4152"}],"collection":[{"href":"https:\/\/patrusananias.com.br\/blog\/wp-json\/wp\/v2\/pages"}],"about":[{"href":"https:\/\/patrusananias.com.br\/blog\/wp-json\/wp\/v2\/types\/page"}],"author":[{"embeddable":true,"href":"https:\/\/patrusananias.com.br\/blog\/wp-json\/wp\/v2\/users\/1"}],"replies":[{"embeddable":true,"href":"https:\/\/patrusananias.com.br\/blog\/wp-json\/wp\/v2\/comments?post=4152"}],"version-history":[{"count":4,"href":"https:\/\/patrusananias.com.br\/blog\/wp-json\/wp\/v2\/pages\/4152\/revisions"}],"predecessor-version":[{"id":4215,"href":"https:\/\/patrusananias.com.br\/blog\/wp-json\/wp\/v2\/pages\/4152\/revisions\/4215"}],"wp:attachment":[{"href":"https:\/\/patrusananias.com.br\/blog\/wp-json\/wp\/v2\/media?parent=4152"}],"curies":[{"name":"wp","href":"https:\/\/api.w.org\/{rel}","templated":true}]}}