{"id":4070,"date":"2019-10-24T16:04:26","date_gmt":"2019-10-24T19:04:26","guid":{"rendered":"http:\/\/aunicaweb.com.br\/aprovacao\/patrus\/?page_id=4070"},"modified":"2022-10-03T16:15:07","modified_gmt":"2022-10-03T19:15:07","slug":"noticias","status":"publish","type":"page","link":"https:\/\/patrusananias.com.br\/blog\/noticias\/","title":{"rendered":"Not\u00edcias"},"content":{"rendered":"\t\t<div data-elementor-type=\"wp-page\" data-elementor-id=\"4070\" class=\"elementor elementor-4070\" data-elementor-post-type=\"page\">\n\t\t\t\t\t\t<section class=\"elementor-section elementor-top-section elementor-element elementor-element-2cdbed1 elementor-section-boxed elementor-section-height-default elementor-section-height-default\" data-id=\"2cdbed1\" data-element_type=\"section\">\n\t\t\t\t\t\t<div class=\"elementor-container elementor-column-gap-default\">\n\t\t\t\t\t<div class=\"elementor-column elementor-col-100 elementor-top-column elementor-element elementor-element-7116b37\" data-id=\"7116b37\" data-element_type=\"column\">\n\t\t\t<div class=\"elementor-widget-wrap elementor-element-populated\">\n\t\t\t\t\t\t<div class=\"elementor-element elementor-element-23081af elementor-grid-3 elementor-grid-tablet-2 elementor-grid-mobile-1 elementor-posts--thumbnail-top elementor-widget elementor-widget-posts\" data-id=\"23081af\" data-element_type=\"widget\" data-settings=\"{&quot;classic_columns&quot;:&quot;3&quot;,&quot;classic_columns_tablet&quot;:&quot;2&quot;,&quot;classic_columns_mobile&quot;:&quot;1&quot;,&quot;classic_row_gap&quot;:{&quot;unit&quot;:&quot;px&quot;,&quot;size&quot;:35,&quot;sizes&quot;:[]},&quot;classic_row_gap_tablet&quot;:{&quot;unit&quot;:&quot;px&quot;,&quot;size&quot;:&quot;&quot;,&quot;sizes&quot;:[]},&quot;classic_row_gap_mobile&quot;:{&quot;unit&quot;:&quot;px&quot;,&quot;size&quot;:&quot;&quot;,&quot;sizes&quot;:[]}}\" data-widget_type=\"posts.classic\">\n\t\t\t\t<div class=\"elementor-widget-container\">\n\t\t\t\t\t\t\t<div class=\"elementor-posts-container elementor-posts elementor-posts--skin-classic elementor-grid\">\n\t\t\t\t<article class=\"elementor-post elementor-grid-item post-8534 post type-post status-publish format-standard hentry category-sem-categoria entry\">\n\t\t\t\t<div class=\"elementor-post__text\">\n\t\t\t\t<h3 class=\"elementor-post__title\">\n\t\t\t<a href=\"https:\/\/patrusananias.com.br\/blog\/artigo-mais-do-mesmo\/\" >\n\t\t\t\tArtigo &#8220;Mais do mesmo&#8221;\t\t\t<\/a>\n\t\t<\/h3>\n\t\t\t\t<div class=\"elementor-post__meta-data\">\n\t\t\t\t\t<span class=\"elementor-post-date\">\n\t\t\t17 de mar\u00e7o de 2026\t\t<\/span>\n\t\t\t\t<span class=\"elementor-post-avatar\">\n\t\t\t<span class=\"dsq-postid\" data-dsqidentifier=\"8534 https:\/\/patrusananias.com.br\/blog\/?p=8534\">Nenhum coment\u00e1rio<\/span>\t\t<\/span>\n\t\t\t\t<\/div>\n\t\t\t\t<div class=\"elementor-post__excerpt\">\n\t\t\t<p>Leonardo Avritzer\u00a0 e R\u00f4mulo Paes de Sousa \u00a0 \u00a0 \u00a0 Os intensos vazamentos referentes aos esc\u00e2ndalos do Banco Master e do INSS t\u00eam produzido not\u00edcias<\/p>\n\t\t<\/div>\n\t\t\n\t\t<a class=\"elementor-post__read-more\" href=\"https:\/\/patrusananias.com.br\/blog\/artigo-mais-do-mesmo\/\" aria-label=\"Leia mais sobre Artigo &#8220;Mais do mesmo&#8221;\" >\n\t\t\tLeia mais \u00bb\t\t<\/a>\n\n\t\t\t\t<\/div>\n\t\t\t\t<\/article>\n\t\t\t\t<article class=\"elementor-post elementor-grid-item post-8513 post type-post status-publish format-standard hentry category-destaque category-frente-parlamentar-em-defesa-da-soberania-nacional category-soberania-2 entry\">\n\t\t\t\t<div class=\"elementor-post__text\">\n\t\t\t\t<h3 class=\"elementor-post__title\">\n\t\t\t<a href=\"https:\/\/patrusananias.com.br\/blog\/patrus-denuncia-risco-a-soberania-nacional-apos-acordo-eua-paraguai\/\" >\n\t\t\t\tPatrus denuncia risco \u00e0 soberania nacional ap\u00f3s acordo EUA-Paraguai\t\t\t<\/a>\n\t\t<\/h3>\n\t\t\t\t<div class=\"elementor-post__meta-data\">\n\t\t\t\t\t<span class=\"elementor-post-date\">\n\t\t\t13 de mar\u00e7o de 2026\t\t<\/span>\n\t\t\t\t<span class=\"elementor-post-avatar\">\n\t\t\t<span class=\"dsq-postid\" data-dsqidentifier=\"8513 https:\/\/patrusananias.com.br\/blog\/?p=8513\">Nenhum coment\u00e1rio<\/span>\t\t<\/span>\n\t\t\t\t<\/div>\n\t\t\t\t<div class=\"elementor-post__excerpt\">\n\t\t\t<p>Presidente da Frente Parlamentar em Defesa da Soberania Nacional, o deputado Patrus Ananias ocupou a tribuna da C\u00e2mara nesta quarta-feira para alertar parlamentares e a<\/p>\n\t\t<\/div>\n\t\t\n\t\t<a class=\"elementor-post__read-more\" href=\"https:\/\/patrusananias.com.br\/blog\/patrus-denuncia-risco-a-soberania-nacional-apos-acordo-eua-paraguai\/\" aria-label=\"Leia mais sobre Patrus denuncia risco \u00e0 soberania nacional ap\u00f3s acordo EUA-Paraguai\" >\n\t\t\tLeia mais \u00bb\t\t<\/a>\n\n\t\t\t\t<\/div>\n\t\t\t\t<\/article>\n\t\t\t\t<article class=\"elementor-post elementor-grid-item post-8507 post type-post status-publish format-standard has-post-thumbnail hentry category-destaque category-seguranca-publica entry\">\n\t\t\t\t<a class=\"elementor-post__thumbnail__link\" href=\"https:\/\/patrusananias.com.br\/blog\/camara-aprova-pec-da-seguranca-publica\/\" >\n\t\t\t<div class=\"elementor-post__thumbnail\"><img fetchpriority=\"high\" decoding=\"async\" width=\"225\" height=\"300\" src=\"https:\/\/patrusananias.com.br\/blog\/wp-content\/uploads\/2026\/03\/646529427_1479978933492513_1959199787338161986_n-225x300.jpg\" class=\"attachment-medium size-medium wp-image-8508\" alt=\"\" srcset=\"https:\/\/patrusananias.com.br\/blog\/wp-content\/uploads\/2026\/03\/646529427_1479978933492513_1959199787338161986_n-225x300.jpg 225w, https:\/\/patrusananias.com.br\/blog\/wp-content\/uploads\/2026\/03\/646529427_1479978933492513_1959199787338161986_n-768x1024.jpg 768w, https:\/\/patrusananias.com.br\/blog\/wp-content\/uploads\/2026\/03\/646529427_1479978933492513_1959199787338161986_n.jpg 1080w\" sizes=\"(max-width: 225px) 100vw, 225px\" \/><\/div>\n\t\t<\/a>\n\t\t\t\t<div class=\"elementor-post__text\">\n\t\t\t\t<h3 class=\"elementor-post__title\">\n\t\t\t<a href=\"https:\/\/patrusananias.com.br\/blog\/camara-aprova-pec-da-seguranca-publica\/\" >\n\t\t\t\tC\u00e2mara aprova PEC da Seguran\u00e7a P\u00fablica\t\t\t<\/a>\n\t\t<\/h3>\n\t\t\t\t<div class=\"elementor-post__meta-data\">\n\t\t\t\t\t<span class=\"elementor-post-date\">\n\t\t\t13 de mar\u00e7o de 2026\t\t<\/span>\n\t\t\t\t<span class=\"elementor-post-avatar\">\n\t\t\t<span class=\"dsq-postid\" data-dsqidentifier=\"8507 https:\/\/patrusananias.com.br\/blog\/?p=8507\">Nenhum coment\u00e1rio<\/span>\t\t<\/span>\n\t\t\t\t<\/div>\n\t\t\t\t<div class=\"elementor-post__excerpt\">\n\t\t\t<p>A C\u00e2mara dos Deputados aprovou a PEC da Seguran\u00e7a P\u00fablica por 487 votos favor\u00e1veis e 15 contr\u00e1rios. A aprova\u00e7\u00e3o representa uma grande vit\u00f3ria do governo<\/p>\n\t\t<\/div>\n\t\t\n\t\t<a class=\"elementor-post__read-more\" href=\"https:\/\/patrusananias.com.br\/blog\/camara-aprova-pec-da-seguranca-publica\/\" aria-label=\"Leia mais sobre C\u00e2mara aprova PEC da Seguran\u00e7a P\u00fablica\" >\n\t\t\tLeia mais \u00bb\t\t<\/a>\n\n\t\t\t\t<\/div>\n\t\t\t\t<\/article>\n\t\t\t\t<article class=\"elementor-post elementor-grid-item post-8492 post type-post status-publish format-standard has-post-thumbnail hentry category-destaque category-direito-trabalhsita entry\">\n\t\t\t\t<a class=\"elementor-post__thumbnail__link\" href=\"https:\/\/patrusananias.com.br\/blog\/patrus-defende-na-tribuna-fim-da-escala-6-x-1\/\" >\n\t\t\t<div class=\"elementor-post__thumbnail\"><img decoding=\"async\" width=\"300\" height=\"185\" src=\"https:\/\/patrusananias.com.br\/blog\/wp-content\/uploads\/2026\/02\/img20260224195705855-300x185.jpg\" class=\"attachment-medium size-medium wp-image-8442\" alt=\"\" srcset=\"https:\/\/patrusananias.com.br\/blog\/wp-content\/uploads\/2026\/02\/img20260224195705855-300x185.jpg 300w, https:\/\/patrusananias.com.br\/blog\/wp-content\/uploads\/2026\/02\/img20260224195705855-1024x631.jpg 1024w, https:\/\/patrusananias.com.br\/blog\/wp-content\/uploads\/2026\/02\/img20260224195705855-768x474.jpg 768w, https:\/\/patrusananias.com.br\/blog\/wp-content\/uploads\/2026\/02\/img20260224195705855-1536x947.jpg 1536w, https:\/\/patrusananias.com.br\/blog\/wp-content\/uploads\/2026\/02\/img20260224195705855-2048x1263.jpg 2048w, https:\/\/patrusananias.com.br\/blog\/wp-content\/uploads\/2026\/02\/img20260224195705855-1568x967.jpg 1568w\" sizes=\"(max-width: 300px) 100vw, 300px\" \/><\/div>\n\t\t<\/a>\n\t\t\t\t<div class=\"elementor-post__text\">\n\t\t\t\t<h3 class=\"elementor-post__title\">\n\t\t\t<a href=\"https:\/\/patrusananias.com.br\/blog\/patrus-defende-na-tribuna-fim-da-escala-6-x-1\/\" >\n\t\t\t\tPatrus defende na tribuna fim da escala 6 x 1\t\t\t<\/a>\n\t\t<\/h3>\n\t\t\t\t<div class=\"elementor-post__meta-data\">\n\t\t\t\t\t<span class=\"elementor-post-date\">\n\t\t\t25 de fevereiro de 2026\t\t<\/span>\n\t\t\t\t<span class=\"elementor-post-avatar\">\n\t\t\t<span class=\"dsq-postid\" data-dsqidentifier=\"8492 https:\/\/patrusananias.com.br\/blog\/?p=8492\">Nenhum coment\u00e1rio<\/span>\t\t<\/span>\n\t\t\t\t<\/div>\n\t\t\t\t<div class=\"elementor-post__excerpt\">\n\t\t\t<p>O deputado Patrus Ananias ocupou ontem a tribuna da C\u00e2mara para defender o fim da escala 6 x 1 no pa\u00eds, medida que tem enfrentado<\/p>\n\t\t<\/div>\n\t\t\n\t\t<a class=\"elementor-post__read-more\" href=\"https:\/\/patrusananias.com.br\/blog\/patrus-defende-na-tribuna-fim-da-escala-6-x-1\/\" aria-label=\"Leia mais sobre Patrus defende na tribuna fim da escala 6 x 1\" >\n\t\t\tLeia mais \u00bb\t\t<\/a>\n\n\t\t\t\t<\/div>\n\t\t\t\t<\/article>\n\t\t\t\t<article class=\"elementor-post elementor-grid-item post-8484 post type-post status-publish format-standard has-post-thumbnail hentry category-mineracao-2 entry\">\n\t\t\t\t<a class=\"elementor-post__thumbnail__link\" href=\"https:\/\/patrusananias.com.br\/blog\/projeto-do-patrus-cria-reserva-nacional-de-terras-raras-no-sul-de-minas-e-leste-de-sp\/\" >\n\t\t\t<div class=\"elementor-post__thumbnail\"><img decoding=\"async\" width=\"225\" height=\"300\" src=\"https:\/\/patrusananias.com.br\/blog\/wp-content\/uploads\/2026\/02\/630237335_1461635111993562_2308008831398270064_n-225x300.jpg\" class=\"attachment-medium size-medium wp-image-8431\" alt=\"\" srcset=\"https:\/\/patrusananias.com.br\/blog\/wp-content\/uploads\/2026\/02\/630237335_1461635111993562_2308008831398270064_n-225x300.jpg 225w, https:\/\/patrusananias.com.br\/blog\/wp-content\/uploads\/2026\/02\/630237335_1461635111993562_2308008831398270064_n-768x1024.jpg 768w, https:\/\/patrusananias.com.br\/blog\/wp-content\/uploads\/2026\/02\/630237335_1461635111993562_2308008831398270064_n.jpg 1080w\" sizes=\"(max-width: 225px) 100vw, 225px\" \/><\/div>\n\t\t<\/a>\n\t\t\t\t<div class=\"elementor-post__text\">\n\t\t\t\t<h3 class=\"elementor-post__title\">\n\t\t\t<a href=\"https:\/\/patrusananias.com.br\/blog\/projeto-do-patrus-cria-reserva-nacional-de-terras-raras-no-sul-de-minas-e-leste-de-sp\/\" >\n\t\t\t\tProjeto do Patrus cria Reserva Nacional de Terras Raras no Sul de Minas e leste de SP\t\t\t<\/a>\n\t\t<\/h3>\n\t\t\t\t<div class=\"elementor-post__meta-data\">\n\t\t\t\t\t<span class=\"elementor-post-date\">\n\t\t\t19 de fevereiro de 2026\t\t<\/span>\n\t\t\t\t<span class=\"elementor-post-avatar\">\n\t\t\t<span class=\"dsq-postid\" data-dsqidentifier=\"8484 https:\/\/patrusananias.com.br\/blog\/?p=8484\">Nenhum coment\u00e1rio<\/span>\t\t<\/span>\n\t\t\t\t<\/div>\n\t\t\t\t<div class=\"elementor-post__excerpt\">\n\t\t\t<p>Projeto de Lei 500\/2026 protocolado nesta quarta (11\/02), de autoria do deputado federal Patrus Ananias, cria a Reserva Nacional de Minerais de Terras Raras, no<\/p>\n\t\t<\/div>\n\t\t\n\t\t<a class=\"elementor-post__read-more\" href=\"https:\/\/patrusananias.com.br\/blog\/projeto-do-patrus-cria-reserva-nacional-de-terras-raras-no-sul-de-minas-e-leste-de-sp\/\" aria-label=\"Leia mais sobre Projeto do Patrus cria Reserva Nacional de Terras Raras no Sul de Minas e leste de SP\" >\n\t\t\tLeia mais \u00bb\t\t<\/a>\n\n\t\t\t\t<\/div>\n\t\t\t\t<\/article>\n\t\t\t\t<article class=\"elementor-post elementor-grid-item post-8356 post type-post status-publish format-standard has-post-thumbnail hentry category-camara-dos-deputados-brasil category-pt entry\">\n\t\t\t\t<a class=\"elementor-post__thumbnail__link\" href=\"https:\/\/patrusananias.com.br\/blog\/patrus-segue-na-ccj-como-coordenador-do-pt\/\" >\n\t\t\t<div class=\"elementor-post__thumbnail\"><img loading=\"lazy\" decoding=\"async\" width=\"300\" height=\"185\" src=\"https:\/\/patrusananias.com.br\/blog\/wp-content\/uploads\/2026\/02\/img20250930180602453-1-768x473-1-300x185.jpg\" class=\"attachment-medium size-medium wp-image-8357\" alt=\"\" srcset=\"https:\/\/patrusananias.com.br\/blog\/wp-content\/uploads\/2026\/02\/img20250930180602453-1-768x473-1-300x185.jpg 300w, https:\/\/patrusananias.com.br\/blog\/wp-content\/uploads\/2026\/02\/img20250930180602453-1-768x473-1.jpg 768w\" sizes=\"(max-width: 300px) 100vw, 300px\" \/><\/div>\n\t\t<\/a>\n\t\t\t\t<div class=\"elementor-post__text\">\n\t\t\t\t<h3 class=\"elementor-post__title\">\n\t\t\t<a href=\"https:\/\/patrusananias.com.br\/blog\/patrus-segue-na-ccj-como-coordenador-do-pt\/\" >\n\t\t\t\tPatrus segue na CCJ como coordenador do PT\t\t\t<\/a>\n\t\t<\/h3>\n\t\t\t\t<div class=\"elementor-post__meta-data\">\n\t\t\t\t\t<span class=\"elementor-post-date\">\n\t\t\t11 de fevereiro de 2026\t\t<\/span>\n\t\t\t\t<span class=\"elementor-post-avatar\">\n\t\t\t<span class=\"dsq-postid\" data-dsqidentifier=\"8356 https:\/\/patrusananias.com.br\/blog\/?p=8356\">Nenhum coment\u00e1rio<\/span>\t\t<\/span>\n\t\t\t\t<\/div>\n\t\t\t\t<div class=\"elementor-post__excerpt\">\n\t\t\t<p>Patrus Ananias segue na coordena\u00e7\u00e3o do Partido dos Trabalhadores na Comiss\u00e3o de Constitui\u00e7\u00e3o, Justi\u00e7a e de Cidadania, onde ser\u00e1 debatida a ado\u00e7\u00e3o da escala de<\/p>\n\t\t<\/div>\n\t\t\n\t\t<a class=\"elementor-post__read-more\" href=\"https:\/\/patrusananias.com.br\/blog\/patrus-segue-na-ccj-como-coordenador-do-pt\/\" aria-label=\"Leia mais sobre Patrus segue na CCJ como coordenador do PT\" >\n\t\t\tLeia mais \u00bb\t\t<\/a>\n\n\t\t\t\t<\/div>\n\t\t\t\t<\/article>\n\t\t\t\t<\/div>\n\t\t\n\t\t\t\t\t\t<\/div>\n\t\t\t\t<\/div>\n\t\t\t\t\t<\/div>\n\t\t<\/div>\n\t\t\t\t\t<\/div>\n\t\t<\/section>\n\t\t\t\t<\/div>\n\t\t","protected":false},"excerpt":{"rendered":"","protected":false},"author":1,"featured_media":0,"parent":0,"menu_order":0,"comment_status":"closed","ping_status":"closed","template":"elementor_header_footer","meta":{"footnotes":""},"_links":{"self":[{"href":"https:\/\/patrusananias.com.br\/blog\/wp-json\/wp\/v2\/pages\/4070"}],"collection":[{"href":"https:\/\/patrusananias.com.br\/blog\/wp-json\/wp\/v2\/pages"}],"about":[{"href":"https:\/\/patrusananias.com.br\/blog\/wp-json\/wp\/v2\/types\/page"}],"author":[{"embeddable":true,"href":"https:\/\/patrusananias.com.br\/blog\/wp-json\/wp\/v2\/users\/1"}],"replies":[{"embeddable":true,"href":"https:\/\/patrusananias.com.br\/blog\/wp-json\/wp\/v2\/comments?post=4070"}],"version-history":[{"count":16,"href":"https:\/\/patrusananias.com.br\/blog\/wp-json\/wp\/v2\/pages\/4070\/revisions"}],"predecessor-version":[{"id":7698,"href":"https:\/\/patrusananias.com.br\/blog\/wp-json\/wp\/v2\/pages\/4070\/revisions\/7698"}],"wp:attachment":[{"href":"https:\/\/patrusananias.com.br\/blog\/wp-json\/wp\/v2\/media?parent=4070"}],"curies":[{"name":"wp","href":"https:\/\/api.w.org\/{rel}","templated":true}]}}